{"id":249,"date":"2012-03-08T20:05:21","date_gmt":"2012-03-08T20:05:21","guid":{"rendered":"http:\/\/diversosafins.com.br\/diversos\/?page_id=249"},"modified":"2019-09-29T19:56:25","modified_gmt":"2019-09-29T22:56:25","slug":"sobre-o-site","status":"publish","type":"page","link":"https:\/\/diversosafins.com.br\/diversos\/a-revista-2\/sobre-o-site\/","title":{"rendered":"Hist\u00f3ria"},"content":{"rendered":"<p style=\"text-align: justify;\">No princ\u00edpio, havia o sil\u00eancio. Dentro dele, a vontade de ver expostas vozes que pudessem pactuar das complexidades da exist\u00eancia. Sob a forma de palavras e imagens, um norte despontou como possibilidade, mas era preciso materializar uma via a seguir, algo que conferisse sentido a um velho lema conhecido como DESENGAVETAR EXPRESS\u00d5ES. Ent\u00e3o, numa noite quente das paisagens do norte do Brasil, mais precisamente aos 10 dias de junho de 2006, foi ao ar o primeiro \u00edmpeto editorial da Revista Diversos Afins, capitaneado pelo seu fundador, o escritor Fabr\u00edcio Brand\u00e3o. Nascia timidamente, ainda tentando deter o significado de se estar num difuso ambiente eletr\u00f4nico, mas com a clara vontade de, sobretudo, abra\u00e7ar escritores e artistas an\u00f4nimos, muitos deles invisibilizados pelo mercado editorial hegem\u00f4nico e tamb\u00e9m situados na periferia do c\u00e2none liter\u00e1rio.<\/p>\n<p style=\"text-align: justify;\">De l\u00e1 para c\u00e1, o tempo passou, agregando uma vasta gama de atividades publicadas. Os instantes todos mostraram que desbravar o percurso editorial foi, acima de tudo, um chamado incessante ao aprendizado. Uma verdadeira e vigorosa roda viva de pessoas, dentro e fora do pa\u00eds, afina o coro em torno da proposta sens\u00edvel constru\u00edda por aqui. ENTRE CAMINHOS E PALAVRAS, um valioso ambiente de trocas humanas insiste em levar tudo adiante. Sempre ou enquanto houver o sopro fundamental.<\/p>\n<p style=\"text-align: justify;\">\n","protected":false},"excerpt":{"rendered":"<p>No princ\u00edpio, havia o sil\u00eancio. Dentro dele, a vontade de ver expostas vozes que pudessem pactuar das complexidades da exist\u00eancia. Sob a forma de palavras e imagens, um norte despontou como possibilidade, mas era preciso materializar uma via a seguir, algo que conferisse sentido a um velho lema conhecido como DESENGAVETAR EXPRESS\u00d5ES. Ent\u00e3o, numa noite [&hellip;]<\/p>\n","protected":false},"author":2,"featured_media":0,"parent":503,"menu_order":1,"comment_status":"closed","ping_status":"closed","template":"page-full.php","meta":{"footnotes":""},"class_list":["post-249","page","type-page","status-publish","hentry"],"_links":{"self":[{"href":"https:\/\/diversosafins.com.br\/diversos\/wp-json\/wp\/v2\/pages\/249","targetHints":{"allow":["GET"]}}],"collection":[{"href":"https:\/\/diversosafins.com.br\/diversos\/wp-json\/wp\/v2\/pages"}],"about":[{"href":"https:\/\/diversosafins.com.br\/diversos\/wp-json\/wp\/v2\/types\/page"}],"author":[{"embeddable":true,"href":"https:\/\/diversosafins.com.br\/diversos\/wp-json\/wp\/v2\/users\/2"}],"replies":[{"embeddable":true,"href":"https:\/\/diversosafins.com.br\/diversos\/wp-json\/wp\/v2\/comments?post=249"}],"version-history":[{"count":17,"href":"https:\/\/diversosafins.com.br\/diversos\/wp-json\/wp\/v2\/pages\/249\/revisions"}],"predecessor-version":[{"id":16576,"href":"https:\/\/diversosafins.com.br\/diversos\/wp-json\/wp\/v2\/pages\/249\/revisions\/16576"}],"up":[{"embeddable":true,"href":"https:\/\/diversosafins.com.br\/diversos\/wp-json\/wp\/v2\/pages\/503"}],"wp:attachment":[{"href":"https:\/\/diversosafins.com.br\/diversos\/wp-json\/wp\/v2\/media?parent=249"}],"curies":[{"name":"wp","href":"https:\/\/api.w.org\/{rel}","templated":true}]}}