{"id":253,"date":"2012-03-08T20:07:21","date_gmt":"2012-03-08T20:07:21","guid":{"rendered":"http:\/\/diversosafins.com.br\/diversos\/?page_id=253"},"modified":"2020-09-12T10:36:40","modified_gmt":"2020-09-12T13:36:40","slug":"leveiros","status":"publish","type":"page","link":"https:\/\/diversosafins.com.br\/diversos\/a-revista-2\/leveiros\/","title":{"rendered":"Leveiros"},"content":{"rendered":"<p style=\"text-align: justify;\"><strong><br \/>\n<a href=\"https:\/\/diversosafins.com.br\/diversos\/wp-content\/uploads\/2012\/03\/Fabricio.jpg\"><img loading=\"lazy\" decoding=\"async\" class=\"alignleft size-full wp-image-800\" title=\"Fabricio\" src=\"https:\/\/diversosafins.com.br\/diversos\/wp-content\/uploads\/2012\/03\/Fabricio.jpg\" alt=\"\" width=\"150\" height=\"150\" \/><\/a>Fabr\u00edcio Brand\u00e3o<\/strong> \u2013 graduado em Comunica\u00e7\u00e3o Social pela UFES (Universidade Federal do Esp\u00edrito Santo), Mestre em Letras: Linguagens e Representa\u00e7\u00f5es pela UESC (Universidade Estadual de Santa Cruz) e, atualmente, doutorando em Letras pelo mesmo programa, deixou-se enveredar pelo of\u00edcio de editor cultural nos \u00faltimos anos, mais precisamente desde 2006, quando criou a Revista Diversos Afins. Natural de Ilh\u00e9us (Bahia), tem uma profunda e misteriosa rela\u00e7\u00e3o com a palavra escrita, al\u00e9m de um amor t\u00e1ctil e espiritual pelos livros, fato que o desloca a lugares invis\u00edveis com alguma frequ\u00eancia. Amante da s\u00e9tima arte, teve a felicidade de engajar-se em projetos de exibi\u00e7\u00e3o de filmes, a exemplo do Cinema BR em Movimento, por meio do qual atuou no Esp\u00edrito Santo. Alguns de seus versos est\u00e3o dispersos pela colet\u00e2nea <em>Di\u00e1logos \u2013 Novo Panorama da Poesia Grapi\u00fana <\/em>(Ed. Via Litterarum\/Editus \u2013 2010 \u2013 2\u00aa edi\u00e7\u00e3o) e em outros espa\u00e7os liter\u00e1rios digitais. Na categoria conto, integrou a colet\u00e2nea <em>Tra\u00e7os Tortos (Contos &amp; Cr\u00f4nicas)<\/em>, publicada em 2015 pela Editora Mondrongo. Morou em quase todas as regi\u00f5es do pa\u00eds, mas desconfia que sua sina n\u00e3o respeita endere\u00e7o fixo. \u00c9 membro da Academia de Letras de Ilh\u00e9us. Noutros momentos, \u00e9 baterista na banda de rock Serial Beer.<\/p>\n<p>&nbsp;<\/p>\n<p style=\"text-align: justify;\"><strong><a href=\"https:\/\/diversosafins.com.br\/diversos\/wp-content\/uploads\/2012\/03\/Leila.jpg\"><img loading=\"lazy\" decoding=\"async\" class=\"alignright size-full wp-image-795\" title=\"Leila\" src=\"https:\/\/diversosafins.com.br\/diversos\/wp-content\/uploads\/2012\/03\/Leila.jpg\" alt=\"\" width=\"150\" height=\"150\" \/><\/a>Leila Lopes de Andrade<\/strong> \u2014 mineira, graduada em Letras Vern\u00e1culas pela UFBA (Universidade Federal da Bahia) e Comunica\u00e7\u00e3o Social &#8211; Produ\u00e7\u00e3o Editorial (Faculdade H\u00e9lio Rocha) em Salvador (Bahia). Foi professora do Col\u00e9gio Militar de Salvador e militar do Ex\u00e9rcito, durante sete anos. Vive hoje em Ilh\u00e9us (Bahia), \u00e9 fot\u00f3grafa por paix\u00e3o: imagens despertam poesia. Trilha alguns dos muitos caminhos da literatura ao construir, junto ao Fabr\u00edcio Brand\u00e3o, as levas mensais da Revista Diversos Afins. Com seus versos, integrou, em 2012, a colet\u00e2nea <em>Medita\u00e7\u00f5es sobre o fim &#8211; Os \u00faltimos poemas\u00a0<\/em>(Ed. Hariemuj -Portugal).<\/p>\n","protected":false},"excerpt":{"rendered":"<p>Fabr\u00edcio Brand\u00e3o \u2013 graduado em Comunica\u00e7\u00e3o Social pela UFES (Universidade Federal do Esp\u00edrito Santo), Mestre em Letras: Linguagens e Representa\u00e7\u00f5es pela UESC (Universidade Estadual de Santa Cruz) e, atualmente, doutorando em Letras pelo mesmo programa, deixou-se enveredar pelo of\u00edcio de editor cultural nos \u00faltimos anos, mais precisamente desde 2006, quando criou a Revista Diversos Afins. [&hellip;]<\/p>\n","protected":false},"author":2,"featured_media":0,"parent":503,"menu_order":2,"comment_status":"closed","ping_status":"closed","template":"page-full.php","meta":{"footnotes":""},"class_list":["post-253","page","type-page","status-publish","hentry"],"_links":{"self":[{"href":"https:\/\/diversosafins.com.br\/diversos\/wp-json\/wp\/v2\/pages\/253","targetHints":{"allow":["GET"]}}],"collection":[{"href":"https:\/\/diversosafins.com.br\/diversos\/wp-json\/wp\/v2\/pages"}],"about":[{"href":"https:\/\/diversosafins.com.br\/diversos\/wp-json\/wp\/v2\/types\/page"}],"author":[{"embeddable":true,"href":"https:\/\/diversosafins.com.br\/diversos\/wp-json\/wp\/v2\/users\/2"}],"replies":[{"embeddable":true,"href":"https:\/\/diversosafins.com.br\/diversos\/wp-json\/wp\/v2\/comments?post=253"}],"version-history":[{"count":28,"href":"https:\/\/diversosafins.com.br\/diversos\/wp-json\/wp\/v2\/pages\/253\/revisions"}],"predecessor-version":[{"id":17846,"href":"https:\/\/diversosafins.com.br\/diversos\/wp-json\/wp\/v2\/pages\/253\/revisions\/17846"}],"up":[{"embeddable":true,"href":"https:\/\/diversosafins.com.br\/diversos\/wp-json\/wp\/v2\/pages\/503"}],"wp:attachment":[{"href":"https:\/\/diversosafins.com.br\/diversos\/wp-json\/wp\/v2\/media?parent=253"}],"curies":[{"name":"wp","href":"https:\/\/api.w.org\/{rel}","templated":true}]}}