{"id":255,"date":"2012-03-08T20:07:53","date_gmt":"2012-03-08T20:07:53","guid":{"rendered":"http:\/\/diversosafins.com.br\/diversos\/?page_id=255"},"modified":"2013-05-01T11:01:27","modified_gmt":"2013-05-01T14:01:27","slug":"contato","status":"publish","type":"page","link":"https:\/\/diversosafins.com.br\/diversos\/a-revista-2\/contato\/","title":{"rendered":"Contato"},"content":{"rendered":"<p style=\"text-align: justify;\">A Revista Diversos Afins est\u00e1 sempre aberta ao di\u00e1logo com seus leitores e visitantes. Para sugest\u00f5es, cr\u00edticas, colabora\u00e7\u00f5es e trocas de ideias, entre em contato atrav\u00e9s dos endere\u00e7os:<\/p>\n<p style=\"text-align: justify;\">\n<p><span style=\"color: #0000ff;\"><strong><a href=\"mailto:diversosafins@gmail.com\"><span style=\"color: #0000ff;\">diversosafins@gmail.com<\/span><\/a><\/strong><\/span><\/p>\n<p><span style=\"color: #0000ff;\"><strong><a href=\"mailto:revistadiversosafins@gmail.com\"><span style=\"color: #0000ff;\">revistadiversosafins@gmail.com<\/span><\/a><\/strong><\/span><\/p>\n<p>&nbsp;<\/p>\n<p>As colabora\u00e7\u00f5es seguem caracter\u00edsticas diferenciadas para cada categoria, conforme os requisitos abaixo:<\/p>\n<p style=\"text-align: justify;\"><strong>Poesia \u2013<\/strong> colet\u00e2nea, organizada num \u00fanico arquivo em Word, contendo 15 poemas.<\/p>\n<p style=\"text-align: justify;\"><strong>Contos \u2013<\/strong> colet\u00e2nea, organizada num \u00fanico arquivo em Word, contendo 10 textos, tomando como base a fonte verdana, tamanho 12, espa\u00e7amento simples, cuja extens\u00e3o n\u00e3o ultrapasse 5 p\u00e1ginas por conto.<\/p>\n<p style=\"text-align: justify;\"><strong>Ensaios, abordagens e resenhas sobre literatura e teatro \u2013 <\/strong>o texto deve ser in\u00e9dito, em arquivo Word, fonte verdana, tamanho 12, espa\u00e7amento simples, limitado a 6 p\u00e1ginas.<\/p>\n<p style=\"text-align: justify;\"><strong>Resenhas sobre discos e filmes<\/strong> \u2013 o texto deve ser in\u00e9dito, em arquivo Word, fonte verdana, tamanho 12, espa\u00e7amento simples, limitado a 3 p\u00e1ginas.<\/p>\n<p style=\"text-align: justify;\">\n<p style=\"text-align: justify;\">O material enviado deve vir acompanhado de uma minibiografia do autor e ser\u00e1 apreciado sem prazo limite de tempo, sendo selecionado para publica\u00e7\u00e3o se corresponder ao perfil editorial da revista.<\/p>\n","protected":false},"excerpt":{"rendered":"<p>A Revista Diversos Afins est\u00e1 sempre aberta ao di\u00e1logo com seus leitores e visitantes. Para sugest\u00f5es, cr\u00edticas, colabora\u00e7\u00f5es e trocas de ideias, entre em contato atrav\u00e9s dos endere\u00e7os: diversosafins@gmail.com revistadiversosafins@gmail.com &nbsp; As colabora\u00e7\u00f5es seguem caracter\u00edsticas diferenciadas para cada categoria, conforme os requisitos abaixo: Poesia \u2013 colet\u00e2nea, organizada num \u00fanico arquivo em Word, contendo 15 poemas. [&hellip;]<\/p>\n","protected":false},"author":2,"featured_media":0,"parent":503,"menu_order":3,"comment_status":"closed","ping_status":"closed","template":"","meta":{"footnotes":""},"class_list":["post-255","page","type-page","status-publish","hentry"],"_links":{"self":[{"href":"https:\/\/diversosafins.com.br\/diversos\/wp-json\/wp\/v2\/pages\/255","targetHints":{"allow":["GET"]}}],"collection":[{"href":"https:\/\/diversosafins.com.br\/diversos\/wp-json\/wp\/v2\/pages"}],"about":[{"href":"https:\/\/diversosafins.com.br\/diversos\/wp-json\/wp\/v2\/types\/page"}],"author":[{"embeddable":true,"href":"https:\/\/diversosafins.com.br\/diversos\/wp-json\/wp\/v2\/users\/2"}],"replies":[{"embeddable":true,"href":"https:\/\/diversosafins.com.br\/diversos\/wp-json\/wp\/v2\/comments?post=255"}],"version-history":[{"count":29,"href":"https:\/\/diversosafins.com.br\/diversos\/wp-json\/wp\/v2\/pages\/255\/revisions"}],"predecessor-version":[{"id":625,"href":"https:\/\/diversosafins.com.br\/diversos\/wp-json\/wp\/v2\/pages\/255\/revisions\/625"}],"up":[{"embeddable":true,"href":"https:\/\/diversosafins.com.br\/diversos\/wp-json\/wp\/v2\/pages\/503"}],"wp:attachment":[{"href":"https:\/\/diversosafins.com.br\/diversos\/wp-json\/wp\/v2\/media?parent=255"}],"curies":[{"name":"wp","href":"https:\/\/api.w.org\/{rel}","templated":true}]}}